{"id":235,"date":"2014-01-23T14:59:45","date_gmt":"2014-01-23T13:59:45","guid":{"rendered":"http:\/\/kamp-hrs.com.hr\/?page_id=235"},"modified":"2026-01-22T14:14:49","modified_gmt":"2026-01-22T13:14:49","slug":"prijava-za-djecake","status":"publish","type":"page","link":"https:\/\/hrs.hr\/kamp\/prijava-za-djecake","title":{"rendered":"Prijava za mladi\u0107e"},"content":{"rendered":"\t\t<div data-elementor-type=\"wp-page\" data-elementor-id=\"235\" class=\"elementor elementor-235\">\n\t\t\t\t\t\t<section class=\"elementor-section elementor-top-section elementor-element elementor-element-1b07c86f elementor-section-boxed elementor-section-height-default elementor-section-height-default\" data-id=\"1b07c86f\" data-element_type=\"section\">\n\t\t\t\t\t\t<div class=\"elementor-container elementor-column-gap-default\">\n\t\t\t\t\t<div class=\"elementor-column elementor-col-100 elementor-top-column elementor-element elementor-element-2f2ada04\" data-id=\"2f2ada04\" data-element_type=\"column\">\n\t\t\t<div class=\"elementor-widget-wrap elementor-element-populated\">\n\t\t\t\t\t\t<div class=\"elementor-element elementor-element-4f54764f elementor-widget elementor-widget-text-editor\" data-id=\"4f54764f\" data-element_type=\"widget\" data-widget_type=\"text-editor.default\">\n\t\t\t\t<div class=\"elementor-widget-container\">\n\t\t\t\t\t\t\t\t\t<blockquote class=\" quote-light \"><p>Molimo vas da upi\u0161ete sve potrebne podatke u prijavi. Prikupljamo najosnovnije podatke koji su nam potrebni za\u00a0 rezervaciju smje\u0161taja, organizaciju ekipa za treniranje, komunikaciju izme\u0111u agencije Crohandball d.o.o. i Hrvatskog rukometnog saveza te svih sudionika JANAF HRS KAMPA te njihovih roditelja.<\/p><\/blockquote><p><div class=\"frm_forms  with_frm_style frm_style_formidable-style\" id=\"frm_form_50_container\" >\n<form enctype=\"multipart\/form-data\" method=\"post\" class=\"frm-show-form  frm_pro_form \" id=\"form_cure20192b2dc4a0515f9035d559c22232\" >\n<div class=\"frm_form_fields \">\n<fieldset>\n\r\n<div class=\"frm_fields_container\">\n<input type=\"hidden\" name=\"frm_action\" value=\"create\" \/>\n<input type=\"hidden\" name=\"form_id\" value=\"50\" \/>\n<input type=\"hidden\" name=\"frm_hide_fields_50\" id=\"frm_hide_fields_50\" value=\"\" \/>\n<input type=\"hidden\" name=\"form_key\" value=\"cure20192b2dc4a0515f9035d559c22232\" \/>\n<input type=\"hidden\" name=\"item_meta[0]\" value=\"\" \/>\n<input type=\"hidden\" id=\"frm_submit_entry_50\" name=\"frm_submit_entry_50\" value=\"ee3c978fdc\" \/><input type=\"hidden\" name=\"_wp_http_referer\" value=\"\/kamp\/wp-json\/wp\/v2\/pages\/235\" \/><div id=\"frm_field_1580_container\" class=\"frm_form_field form-field  frm_required_field frm_top_container frm_left_half\">\r\n    <label class=\"frm_primary_label\">Ime:\r\n        <span class=\"frm_required\">*<\/span>\r\n    <\/label>\r\n    <input  type=\"text\" id=\"field_8t1dhk33434ef94c4e85abcf575a49a32\" name=\"item_meta[1580]\" value=\"\"  data-reqmsg=\"Polje ne mo\u017ee biti prazno\" aria-required=\"true\" data-invmsg=\"Ime is invalid\" aria-invalid=\"false\"   \/>\r\n    \r\n    \r\n<\/div>\n<div id=\"frm_field_1581_container\" class=\"frm_form_field form-field  frm_required_field frm_top_container frm_right_half\">\r\n    <label class=\"frm_primary_label\">Prezime:\r\n        <span class=\"frm_required\">*<\/span>\r\n    <\/label>\r\n    <input  type=\"text\" id=\"field_5mrsmc33434be8851e1f4f0b9227f9e32\" name=\"item_meta[1581]\" value=\"\"  data-reqmsg=\"Polje ne mo\u017ee biti prazno\" aria-required=\"true\" data-invmsg=\"Prezime is invalid\" aria-invalid=\"false\"   \/>\r\n    \r\n    \r\n<\/div>\n<div id=\"frm_field_1582_container\" class=\"frm_form_field form-field  frm_required_field frm_top_container frm_left_half\">\r\n    <label class=\"frm_primary_label\">Datum ro\u0111enja:\r\n        <span class=\"frm_required\">*<\/span>\r\n    <\/label>\r\n    <input type=\"text\" id=\"field_7qpabm334347e837a18a90e937749ec32\" name=\"item_meta[1582]\" value=\"\"  data-reqmsg=\"Datum ro\u0111enja?\" aria-required=\"true\" data-invmsg=\"Datum ro\u0111enja: is invalid\" class=\"frm_date\" aria-invalid=\"false\"  \/>\r\n    \r\n    \r\n<\/div>\n<div id=\"frm_field_1583_container\" class=\"frm_form_field form-field  frm_required_field frm_top_container frm_right_half\">\r\n    <label class=\"frm_primary_label\">Mjesto ro\u0111enja:\r\n        <span class=\"frm_required\">*<\/span>\r\n    <\/label>\r\n    <input  type=\"text\" id=\"field_q55f2k334346ae7a9859cf7cf28741832\" name=\"item_meta[1583]\" value=\"\"  data-reqmsg=\"Polje ne mo\u017ee biti prazno\" aria-required=\"true\" data-invmsg=\"Mjesto ro\u0111enja is invalid\" aria-invalid=\"false\"   \/>\r\n    \r\n    \r\n<\/div>\n<div id=\"frm_field_1584_container\" class=\"frm_form_field form-field  frm_required_field frm_top_container frm_third\">\r\n    <label class=\"frm_primary_label\">OIB sudionika Kampa:\r\n        <span class=\"frm_required\">*<\/span>\r\n    <\/label>\r\n    <input type=\"number\" id=\"field_47sefd3343401807ce0d08fedd7d6fc32\" name=\"item_meta[1584]\" value=\"\" style=\"width:120px\" data-reqmsg=\"Obavezan unos\" aria-required=\"true\" data-invmsg=\"Ponovite unos\" class=\"auto_width\" aria-invalid=\"false\"   aria-describedby=\"frm_desc_field_47sefd3343401807ce0d08fedd7d6fc32\" min=\"00000000000\" max=\"99999999999\" step=\"1\" \/>\r\n    <div id=\"frm_desc_field_47sefd3343401807ce0d08fedd7d6fc32\" class=\"frm_description\">Oni bez OiB-a upisati 11 znamenaka &#8216;0&#8217;<\/div>\r\n    \r\n<\/div>\n<div id=\"frm_field_1605_container\" class=\"frm_form_field form-field  frm_required_field frm_top_container frm_third\">\r\n    <label class=\"frm_primary_label\">Broj osobne sudionika:\r\n        <span class=\"frm_required\">*<\/span>\r\n    <\/label>\r\n    <input type=\"number\" id=\"field_deh6e\" name=\"item_meta[1605]\" value=\"\" style=\"width:120px\" data-reqmsg=\"Obavezan unos\" aria-required=\"true\" data-invmsg=\"Ponovite unos\" class=\"auto_width\" aria-invalid=\"false\"   aria-describedby=\"frm_desc_field_deh6e\" min=\"000000000\" max=\"999999999\" step=\"1\" \/>\r\n    <div id=\"frm_desc_field_deh6e\" class=\"frm_description\">Upisati 9 znamenaka<\/div>\r\n    \r\n<\/div>\n<div id=\"frm_field_1585_container\" class=\"frm_form_field form-field  frm_required_field frm_top_container frm_third\">\r\n    <label class=\"frm_primary_label\">Adresa stanovanja:\r\n        <span class=\"frm_required\">*<\/span>\r\n    <\/label>\r\n    <input  type=\"text\" id=\"field_w7yc9h33434c883d9eab9cda6b55daf32\" name=\"item_meta[1585]\" value=\"\"  data-reqmsg=\"Polje ne mo\u017ee biti prazno\" aria-required=\"true\" data-invmsg=\"Adresa stanovanja is invalid\" aria-invalid=\"false\"   aria-describedby=\"frm_desc_field_w7yc9h33434c883d9eab9cda6b55daf32\" \/>\r\n    <div id=\"frm_desc_field_w7yc9h33434c883d9eab9cda6b55daf32\" class=\"frm_description\">Ulica i broj, grad<\/div>\r\n    \r\n<\/div>\n<div id=\"frm_field_1586_container\" class=\"frm_form_field form-field  frm_required_field frm_top_container frm_left_half vertical_radio\">\r\n    <label class=\"frm_primary_label\">Sudionik kampa je:\r\n        <span class=\"frm_required\">*<\/span>\r\n    <\/label>\r\n    \t\t<div class=\"frm_checkbox\" id=\"frm_checkbox_1586-0\">\t\t\t<label  for=\"field_f438dw334343d21c9aef14833cd294532-0\">\n\t\t\t<input type=\"checkbox\" name=\"item_meta[1586][]\" id=\"field_f438dw334343d21c9aef14833cd294532-0\" value=\"Pliva\u010d\"  data-reqmsg=\"Izaberite da li je dijete pliva\u010d ili nepliva\u010d\" data-invmsg=\"Sudionik kampa je: is invalid\" aria-invalid=\"false\"   aria-required=\"true\"  \/> Pliva\u010d<\/label><\/div>\n\t\t<div class=\"frm_checkbox\" id=\"frm_checkbox_1586-1\">\t\t\t<label  for=\"field_f438dw334343d21c9aef14833cd294532-1\">\n\t\t\t<input type=\"checkbox\" name=\"item_meta[1586][]\" id=\"field_f438dw334343d21c9aef14833cd294532-1\" value=\"Nepliva\u010d\"  data-reqmsg=\"Izaberite da li je dijete pliva\u010d ili nepliva\u010d\" data-invmsg=\"Sudionik kampa je: is invalid\" aria-invalid=\"false\"   \/> Nepliva\u010d<\/label><\/div>\n\r\n    \r\n    \r\n<\/div>\n<div id=\"frm_field_1587_container\" class=\"frm_form_field form-field  frm_top_container frm_right_half\">\r\n    <label class=\"frm_primary_label\">Zdravstveni status (alergije\/bolesti\/posebna prehrana):\r\n        <span class=\"frm_required\"><\/span>\r\n    <\/label>\r\n    <textarea name=\"item_meta[1587]\" id=\"field_k7ppmk3343427f49ba42cb1bbd46f1b32\" rows=\"5\"  data-invmsg=\"Zdravstveni status (alergije\/bolesti\/posebna prehrana): is invalid\" aria-invalid=\"false\"   aria-describedby=\"frm_desc_field_k7ppmk3343427f49ba42cb1bbd46f1b32\"><\/textarea>\r\n    <div id=\"frm_desc_field_k7ppmk3343427f49ba42cb1bbd46f1b32\" class=\"frm_description\">Unesite ukratko napomene zdravstvenog stanja djeteta<\/div>\r\n    \r\n<\/div>\n<div id=\"frm_field_1588_container\" class=\"frm_form_field form-field  frm_required_field frm_top_container frm_left_half\">\r\n    <label class=\"frm_primary_label\">Ime i prezime roditelja za kontakt:\r\n        <span class=\"frm_required\">*<\/span>\r\n    <\/label>\r\n    <input  type=\"text\" id=\"field_uivsps33434960721dc7d9b0eacf35d32\" name=\"item_meta[1588]\" value=\"\"  data-reqmsg=\"Polje ne mo\u017ee biti prazno\" aria-required=\"true\" data-invmsg=\"Ime i prezime roditelja is invalid\" aria-invalid=\"false\"   \/>\r\n    \r\n    \r\n<\/div>\n<div id=\"frm_field_1589_container\" class=\"frm_form_field form-field  frm_required_field frm_top_container frm_right_half\">\r\n    <label class=\"frm_primary_label\">Broj mobitela roditelja:\r\n        <span class=\"frm_required\">*<\/span>\r\n    <\/label>\r\n    <input type=\"tel\" id=\"field_k0a2fb3343443803a35395b4a9c428e32\" name=\"item_meta[1589]\" value=\"\"  data-reqmsg=\"Polje ne mo\u017ee biti prazno\" aria-required=\"true\" data-invmsg=\"Broj mobitela roditelja je neispravan\" aria-invalid=\"false\" pattern=\"((\\+\\d{1,3}(-|.| )?\\(?\\d\\)?(-| |.)?\\d{1,5})|(\\(?\\d{2,6}\\)?))(-|.| )?(\\d{3,4})(-|.| )?(\\d{4})(( x| ext)\\d{1,5}){0,1}$\"  \/>\r\n    \r\n    \r\n<\/div>\n<div id=\"frm_field_1590_container\" class=\"frm_form_field form-field  frm_top_container frm_left_half\">\r\n    <label for=\"field_til5v4348f28aa0e44bccfc3011632\" class=\"frm_primary_label\">Email Adresa roditelja:\r\n        <span class=\"frm_required\"><\/span>\r\n    <\/label>\r\n    <input type=\"email\" id=\"field_til5v4348f28aa0e44bccfc3011632\" name=\"item_meta[1590]\" value=\"\"  data-invmsg=\"Email roditelja nije u redu\" aria-invalid=\"false\"  \/>\r\n    \r\n    \r\n<\/div>\n<div id=\"frm_field_1591_container\" class=\"frm_form_field form-field  frm_top_container frm_right_half\">\r\n    <label for=\"field_7u98q4f0174b6f5a25650eadcd32\" class=\"frm_primary_label\">Pozicija u mom\u010dadi (odaberite):\r\n        <span class=\"frm_required\"><\/span>\r\n    <\/label>\r\n    \t\t<select name=\"item_meta[1591]\" id=\"field_7u98q4f0174b6f5a25650eadcd32\"  data-frmval=\"lijevo krilo\" data-invmsg=\"Pozicija u mom\u010dadi (odaberite): is invalid\" aria-invalid=\"false\"  >\n\t\t<option  value=\"lijevo krilo\" selected='selected'>lijevo krilo<\/option><option  value=\"lijevi vanjski\">lijevi vanjski<\/option><option  value=\"srednji vanjski\">srednji vanjski<\/option><option  value=\"desni vanjski\">desni vanjski<\/option><option  value=\"desno krilo\">desno krilo<\/option><option  value=\"kru\u017eni napada\u010d\">kru\u017eni napada\u010d<\/option><option  value=\"vratar\">vratar<\/option>\t<\/select>\n\t\r\n    \r\n    \r\n<\/div>\n<div id=\"frm_field_1592_container\" class=\"frm_form_field form-field  frm_required_field frm_top_container frm_first frm_third vertical_radio\">\r\n    <label class=\"frm_primary_label\">Tko snosi tro\u0161kove kampa:\r\n        <span class=\"frm_required\">*<\/span>\r\n    <\/label>\r\n    \t\t<div class=\"frm_checkbox\" id=\"frm_checkbox_1592-0\">\t\t\t<label  for=\"field_zrn8vt3343485a182f727ff7f4201df32-0\">\n\t\t\t<input type=\"checkbox\" name=\"item_meta[1592][]\" id=\"field_zrn8vt3343485a182f727ff7f4201df32-0\" value=\"Klub\"  data-reqmsg=\"Tko snosi tro\u0161kove Kampa\" data-invmsg=\"Tko snosi tro\u0161kove kampa: is invalid\" aria-invalid=\"false\"   aria-required=\"true\"  \/> Klub<\/label><\/div>\n\t\t<div class=\"frm_checkbox\" id=\"frm_checkbox_1592-1\">\t\t\t<label  for=\"field_zrn8vt3343485a182f727ff7f4201df32-1\">\n\t\t\t<input type=\"checkbox\" name=\"item_meta[1592][]\" id=\"field_zrn8vt3343485a182f727ff7f4201df32-1\" value=\"Roditelj\"  data-reqmsg=\"Tko snosi tro\u0161kove Kampa\" data-invmsg=\"Tko snosi tro\u0161kove kampa: is invalid\" aria-invalid=\"false\"   \/> Roditelj<\/label><\/div>\n\r\n    \r\n    \r\n<\/div>\n<div id=\"frm_field_1593_container\" class=\"frm_form_field form-field  frm_required_field frm_top_container frm_third vertical_radio\">\r\n    <label class=\"frm_primary_label\">Rezervacija smje\u0161taja:\r\n        <span class=\"frm_required\">*<\/span>\r\n    <\/label>\r\n    \t\t<div class=\"frm_checkbox\" id=\"frm_checkbox_1593-0\">\t\t\t<label  for=\"field_3c12rd33341251a4eaa44b39f4f8d532-0\">\n\t\t\t<input type=\"checkbox\" name=\"item_meta[1593][]\" id=\"field_3c12rd33341251a4eaa44b39f4f8d532-0\" value=\"da\"  data-reqmsg=\"Obvezna rezervacija\" data-invmsg=\"Rezervacija smje\u0161taja: is invalid\" aria-invalid=\"false\"   aria-required=\"true\"  \/> da<\/label><\/div>\n\t\t<div class=\"frm_checkbox\" id=\"frm_checkbox_1593-1\">\t\t\t<label  for=\"field_3c12rd33341251a4eaa44b39f4f8d532-1\">\n\t\t\t<input type=\"checkbox\" name=\"item_meta[1593][]\" id=\"field_3c12rd33341251a4eaa44b39f4f8d532-1\" value=\"ne\"  data-reqmsg=\"Obvezna rezervacija\" data-invmsg=\"Rezervacija smje\u0161taja: is invalid\" aria-invalid=\"false\"   \/> ne<\/label><\/div>\n\r\n    \r\n    \r\n<\/div>\n<div id=\"frm_field_1594_container\" class=\"frm_form_field form-field  frm_required_field frm_top_container frm_third frm_alignright vertical_radio\">\r\n    <label class=\"frm_primary_label\">Uplate u ratama:\r\n        <span class=\"frm_required\">*<\/span>\r\n    <\/label>\r\n    \t\t<div class=\"frm_checkbox\" id=\"frm_checkbox_1594-0\">\t\t\t<label  for=\"field_mi4kk40c3ce68941547e0cb18332-0\">\n\t\t\t<input type=\"checkbox\" name=\"item_meta[1594][]\" id=\"field_mi4kk40c3ce68941547e0cb18332-0\" value=\"da\"  data-reqmsg=\"Odaberi vrstu uplate\" data-invmsg=\"Uplate u ratama: is invalid\" aria-invalid=\"false\"   aria-required=\"true\"  \/> da<\/label><\/div>\n\t\t<div class=\"frm_checkbox\" id=\"frm_checkbox_1594-1\">\t\t\t<label  for=\"field_mi4kk40c3ce68941547e0cb18332-1\">\n\t\t\t<input type=\"checkbox\" name=\"item_meta[1594][]\" id=\"field_mi4kk40c3ce68941547e0cb18332-1\" value=\"ne\"  data-reqmsg=\"Odaberi vrstu uplate\" data-invmsg=\"Uplate u ratama: is invalid\" aria-invalid=\"false\"   \/> ne<\/label><\/div>\n\r\n    \r\n    \r\n<\/div>\n<div id=\"frm_field_1595_container\" class=\"frm_form_field form-field  frm_top_container frm_half\">\r\n    <label class=\"frm_primary_label\">Naziv kluba:\r\n        <span class=\"frm_required\"><\/span>\r\n    <\/label>\r\n    <input  type=\"text\" id=\"field_xb33dp334347b17835a61483f57828e32\" name=\"item_meta[1595]\" value=\"\"  data-invmsg=\"Puni naziv kluba is invalid\" aria-invalid=\"false\"   \/>\r\n    \r\n    \r\n<\/div>\n<div id=\"frm_field_1596_container\" class=\"frm_form_field form-field  frm_top_container frm_half\">\r\n    <label class=\"frm_primary_label\">OIB kluba:\r\n        <span class=\"frm_required\"><\/span>\r\n    <\/label>\r\n    <input type=\"number\" id=\"field_dn0z2q334341ce65334ba23ac3696f732\" name=\"item_meta[1596]\" value=\"\" style=\"width:120px\" data-invmsg=\"Ponovite unos\" class=\"auto_width\" aria-invalid=\"false\"   aria-describedby=\"frm_desc_field_dn0z2q334341ce65334ba23ac3696f732\" min=\"00000000000\" max=\"99999999999\" step=\"1\" \/>\r\n    <div id=\"frm_desc_field_dn0z2q334341ce65334ba23ac3696f732\" class=\"frm_description\">Upisati samo ako klub pla\u0107a smje\u0161taj ili kotizaciju<\/div>\r\n    \r\n<\/div>\n<div id=\"frm_field_1597_container\" class=\"frm_form_field form-field  frm_top_container frm_half frm_first\">\r\n    <label class=\"frm_primary_label\">Adresa Kluba:\r\n        <span class=\"frm_required\"><\/span>\r\n    <\/label>\r\n    <input  type=\"text\" id=\"field_xq2isx334340025e92ac3e7fe37773f32\" name=\"item_meta[1597]\" value=\"\"  data-invmsg=\"Adresa Kluba is invalid\" aria-invalid=\"false\"   aria-describedby=\"frm_desc_field_xq2isx334340025e92ac3e7fe37773f32\" \/>\r\n    <div id=\"frm_desc_field_xq2isx334340025e92ac3e7fe37773f32\" class=\"frm_description\">Ulica i broj, grad (Upisati samo ako klub pla\u0107a smje\u0161taj ili kotizaciju)<\/div>\r\n    \r\n<\/div>\n<div id=\"frm_field_1598_container\" class=\"frm_form_field form-field  frm_top_container frm_half frm_alignright\">\r\n    <label class=\"frm_primary_label\">Email kluba:\r\n        <span class=\"frm_required\"><\/span>\r\n    <\/label>\r\n    <input type=\"email\" id=\"field_7kwvgz33434437c8a6f03432\" name=\"item_meta[1598]\" value=\"\"  data-invmsg=\"Email kluba nije u redu\" aria-invalid=\"false\"   aria-describedby=\"frm_desc_field_7kwvgz33434437c8a6f03432\"\/>\r\n    <div id=\"frm_desc_field_7kwvgz33434437c8a6f03432\" class=\"frm_description\">Upisati samo ako klub pla\u0107a smje\u0161taj ili kotizaciju<\/div>\r\n    \r\n<\/div>\n<div id=\"frm_field_1599_container\" class=\"frm_form_field form-field  frm_top_container\">\r\n    <label for=\"field_w3kf4ff94d43ba40adbb463e932\" class=\"frm_primary_label\">U16 (igra\u010di ro\u0111eni 2010.\/2011.), U14 (igra\u010di ro\u0111eni 2012.\/2013. i U12 ( igra\u010di ro\u0111eni 2014.\/2015\/2016.)\r\n        <span class=\"frm_required\"><\/span>\r\n    <\/label>\r\n    \t\t<select name=\"item_meta[1599]\" id=\"field_w3kf4ff94d43ba40adbb463e932\"  data-invmsg=\"U16 (igra\u010di ro\u0111eni 2010.\/2011.), U14 (igra\u010di ro\u0111eni 2012.\/2013. i U12 ( igra\u010di ro\u0111eni 2014.\/2015\/2016.) is invalid\" aria-invalid=\"false\"  >\n\t\t<option  value=\"II. Turnus \u2022\tMLADI\u0106I OD   28. 06. 2026. DO 04. 07. 2026.\">II. Turnus \u2022\tMLADI\u0106I OD   28. 06. 2026. DO 04. 07. 2026.<\/option>\t<\/select>\n\t\r\n    \r\n    \r\n<\/div>\n<div id=\"frm_field_1600_container\" class=\"frm_form_field form-field  frm_required_field frm_top_container vertical_radio\">\r\n    <label class=\"frm_primary_label\">Dozvoljavamo fotografiranje sudionika kampa HRS-a isklju\u010divo u svrhu objave na dru\u0161tvenim mre\u017eama te web stranici i promotivnim akcijama kampa HRS-a.\r\n        <span class=\"frm_required\">*<\/span>\r\n    <\/label>\r\n    \t\t<div class=\"frm_checkbox\" id=\"frm_checkbox_1600-0\">\t\t\t<label  for=\"field_x2ryn496b8d89a954bf9b4256332-0\">\n\t\t\t<input type=\"checkbox\" name=\"item_meta[1600][]\" id=\"field_x2ryn496b8d89a954bf9b4256332-0\" value=\"da\"  data-reqmsg=\"Odaberi izbor za fotografiranje\" data-invmsg=\"Dozvoljavamo fotografiranje sudionika kampa HRS-a isklju\u010divo u svrhu objave na dru\u0161tvenim mre\u017eama te web stranici i promotivnim akcijama kampa HRS-a. is invalid\" aria-invalid=\"false\"   aria-required=\"true\"  \/> da<\/label><\/div>\n\t\t<div class=\"frm_checkbox\" id=\"frm_checkbox_1600-1\">\t\t\t<label  for=\"field_x2ryn496b8d89a954bf9b4256332-1\">\n\t\t\t<input type=\"checkbox\" name=\"item_meta[1600][]\" id=\"field_x2ryn496b8d89a954bf9b4256332-1\" value=\"ne\"  data-reqmsg=\"Odaberi izbor za fotografiranje\" data-invmsg=\"Dozvoljavamo fotografiranje sudionika kampa HRS-a isklju\u010divo u svrhu objave na dru\u0161tvenim mre\u017eama te web stranici i promotivnim akcijama kampa HRS-a. is invalid\" aria-invalid=\"false\"   \/> ne<\/label><\/div>\n\r\n    \r\n    \r\n<\/div>\n<div id=\"frm_field_1601_container\" class=\"frm_form_field form-field  frm_top_container\">\r\n    <label class=\"frm_primary_label\">Navedite ostale podatke ako ih smatrate zna\u010dajnim:\r\n        <span class=\"frm_required\"><\/span>\r\n    <\/label>\r\n    <textarea name=\"item_meta[1601]\" id=\"field_nihsdf33434ffc32b36b7b59722be1b32\" rows=\"5\"  data-invmsg=\"Navedite ostale podatke ako ih smatrate zna\u010dajnim: is invalid\" aria-invalid=\"false\"  ><\/textarea>\r\n    \r\n    \r\n<\/div>\n<div id=\"frm_field_1602_container\" class=\"frm_form_field  frm_html_container form-field\">\n<h4><em><span style=\"color: #3366ff;\"><strong>Svi podaci sudionica nakon zavr\u0161etka kampa HRS-a biti \u0107e obrisani.<\/strong><\/span><\/em><\/h4>\n<\/div>\n<div id=\"frm_field_1603_container\" class=\"frm_form_field form-field \">\r\n\t<div class=\"frm_submit\">\r\n\r\n<input type=\"submit\" value=\"Potvrdi\"  class=\"frm_final_submit\" formnovalidate=\"formnovalidate\" \/>\r\n<img decoding=\"async\" class=\"frm_ajax_loading\" src=\"https:\/\/hrs.hr\/kamp\/wp-content\/plugins\/formidable\/images\/ajax_loader.gif\" alt=\"Sending\" style=\"visibility:hidden;\" \/>\r\n\r\n<\/div>\r\n<\/div>\n\t<input type=\"hidden\" name=\"item_key\" value=\"\" \/>\n\t\t\t<div id=\"frm_field_1606_container\">\n\t\t\t<label for=\"field_onf6x\" >\n\t\t\t\tIf you are human, leave this field blank.\t\t\t<\/label>\n\t\t\t<input  id=\"field_onf6x\" type=\"text\" class=\"frm_form_field form-field frm_verify\" name=\"item_meta[1606]\" value=\"\"  \/>\n\t\t<\/div>\n\t\t<input name=\"frm_state\" type=\"hidden\" value=\"akcvdyvR01TMxJrgblGEshTb8+B7ppg8XUHNDKubsBFHhE95Mxn9pS8T9YnWyqDK\" \/><\/div>\n<\/fieldset>\n<\/div>\n\n<\/form>\n<\/div>\n<\/p>\t\t\t\t\t\t\t\t<\/div>\n\t\t\t\t<\/div>\n\t\t\t\t\t<\/div>\n\t\t<\/div>\n\t\t\t\t\t<\/div>\n\t\t<\/section>\n\t\t\t\t<\/div>\n\t\t","protected":false},"excerpt":{"rendered":"<p>Molimo vas da upi\u0161ete sve potrebne podatke u prijavi. Prikupljamo najosnovnije podatke koji su nam potrebni za\u00a0 rezervaciju smje\u0161taja, organizaciju ekipa za treniranje, komunikaciju izme\u0111u agencije Crohandball d.o.o. i Hrvatskog rukometnog saveza te svih sudionika JANAF HRS KAMPA te njihovih roditelja.<\/p>\n","protected":false},"author":5,"featured_media":0,"parent":0,"menu_order":0,"comment_status":"closed","ping_status":"closed","template":"","meta":{"footnotes":""},"class_list":["post-235","page","type-page","status-publish","hentry"],"_links":{"self":[{"href":"https:\/\/hrs.hr\/kamp\/wp-json\/wp\/v2\/pages\/235","targetHints":{"allow":["GET"]}}],"collection":[{"href":"https:\/\/hrs.hr\/kamp\/wp-json\/wp\/v2\/pages"}],"about":[{"href":"https:\/\/hrs.hr\/kamp\/wp-json\/wp\/v2\/types\/page"}],"author":[{"embeddable":true,"href":"https:\/\/hrs.hr\/kamp\/wp-json\/wp\/v2\/users\/5"}],"replies":[{"embeddable":true,"href":"https:\/\/hrs.hr\/kamp\/wp-json\/wp\/v2\/comments?post=235"}],"version-history":[{"count":22,"href":"https:\/\/hrs.hr\/kamp\/wp-json\/wp\/v2\/pages\/235\/revisions"}],"predecessor-version":[{"id":10732,"href":"https:\/\/hrs.hr\/kamp\/wp-json\/wp\/v2\/pages\/235\/revisions\/10732"}],"wp:attachment":[{"href":"https:\/\/hrs.hr\/kamp\/wp-json\/wp\/v2\/media?parent=235"}],"curies":[{"name":"wp","href":"https:\/\/api.w.org\/{rel}","templated":true}]}}